{"id":4895,"date":"2018-08-20T14:49:53","date_gmt":"2018-08-20T13:49:53","guid":{"rendered":"http:\/\/maisondelaforet.pt\/home\/"},"modified":"2022-03-09T17:36:13","modified_gmt":"2022-03-09T17:36:13","slug":"home","status":"publish","type":"page","link":"https:\/\/maisondelaforet.pt\/en\/","title":{"rendered":"Home"},"content":{"rendered":"<h5>\n\t\tContact our team to learn more about our collections.\n\t<\/h5>\n\t<h3>Collection AW18 | Fair Tale<\/h3>\n\t\t\t<a href=\"http:\/\/maisondelaforet.pt\/wp-content\/uploads\/2018\/07\/Catalogo Mom Bebe Cadeaux SS18.pdf\" target=\"_blank\" role=\"button\" rel=\"noopener\">\n\t\t\t\t\t\t\tVIEW COLLECTION\n\t\t\t\t\t<\/a>\n\t\t\t\t<img src=\"http:\/\/maisondelaforet.pt\/wp-content\/uploads\/2018\/06\/aw18side3.jpg\" alt=\"aw18side3\" itemprop=\"image\" title=\"aw18side3\" onerror=\"this.style.display='none'\"  \/>\n\t\t\t\t<img src=\"http:\/\/maisondelaforet.pt\/wp-content\/uploads\/2018\/06\/aw18side2.jpg\" alt=\"aw18side2\" itemprop=\"image\" title=\"aw18side2\" onerror=\"this.style.display='none'\"  \/>\n\t<h3>Collection SS18\u00a0| Believe In<\/h3>\n\t\t\t<a href=\"http:\/\/maisondelaforet.pt\/wp-content\/uploads\/2018\/07\/Catalogo%20Mom%20Bebe%20Cadeaux%20AW18.pdf\" target=\"_blank\" role=\"button\" rel=\"noopener\">\n\t\t\t\t\t\t\tVIEW COLLECTION\n\t\t\t\t\t<\/a>\n<h4>\n\t\tFeatured Items\n\t<\/h4>\n\tTo see the complete collection go to the Catalog section. If you do not find what you want you can ask us through the contact form.<br \/>\nYou can see here some of the latest articles released.\n\t<h4>Do you want to experience our quality?<\/h4>\n\t\t\t<a href=\"http:\/\/maisondelaforet.pt\/en\/contacts\/\" target=\"_self\" role=\"button\" rel=\"noopener\">\n\t\t\t\t\t\t\tContact us\n\t\t\t\t\t<\/a>\n\t\t\t\t<a href=\"https:\/\/maisondelaforet.pt\/wp-content\/uploads\/2019\/01\/Modelo-Web-Ficha-de-Projeto-29012019.pdf\" target=\"_blank\" rel=\"noopener\" itemprop=\"url\">\n\t\t\t\t<img src=\"https:\/\/maisondelaforet.pt\/wp-content\/uploads\/2018\/08\/norte2020pt.png\" alt=\"norte2020pt\" itemprop=\"image\" height=\"62\" width=\"750\" title=\"norte2020pt\" onerror=\"this.style.display='none'\"  \/>\n\t\t\t\t<\/a>\n","protected":false},"excerpt":{"rendered":"<p>Contact our team to learn more about our collections. Collection AW18 | Fair Tale VIEW COLLECTION Collection SS18\u00a0| Believe In VIEW COLLECTION Featured Items To see the complete collection go to the Catalog section. If you do not find what you want you can ask us through the contact form. You can see here some [&hellip;]<\/p>\n","protected":false},"author":1,"featured_media":0,"parent":0,"menu_order":0,"comment_status":"closed","ping_status":"closed","template":"template-page-builder.php","meta":{"_themeisle_gutenberg_block_has_review":false},"yoast_head":"<!-- This site is optimized with the Yoast SEO plugin v18.9 - https:\/\/yoast.com\/wordpress\/plugins\/seo\/ -->\n<title>Home - Mon B\u00e9b\u00e9 Cadeaux<\/title>\n<meta name=\"robots\" content=\"index, follow, max-snippet:-1, max-image-preview:large, max-video-preview:-1\" \/>\n<link rel=\"canonical\" href=\"https:\/\/maisondelaforet.pt\/en\/\" \/>\n<meta property=\"og:locale\" content=\"en_US\" \/>\n<meta property=\"og:type\" content=\"article\" \/>\n<meta property=\"og:title\" content=\"Home - Mon B\u00e9b\u00e9 Cadeaux\" \/>\n<meta property=\"og:description\" content=\"Contact our team to learn more about our collections. Collection AW18 | Fair Tale VIEW COLLECTION Collection SS18\u00a0| Believe In VIEW COLLECTION Featured Items To see the complete collection go to the Catalog section. If you do not find what you want you can ask us through the contact form. You can see here some [&hellip;]\" \/>\n<meta property=\"og:url\" content=\"https:\/\/maisondelaforet.pt\/en\/\" \/>\n<meta property=\"og:site_name\" content=\"Mon B\u00e9b\u00e9 Cadeaux\" \/>\n<meta property=\"article:modified_time\" content=\"2022-03-09T17:36:13+00:00\" \/>\n<meta property=\"og:image\" content=\"http:\/\/maisondelaforet.pt\/wp-content\/uploads\/2018\/06\/aw18side3.jpg\" \/>\n<meta name=\"twitter:card\" content=\"summary_large_image\" \/>\n<script type=\"application\/ld+json\" class=\"yoast-schema-graph\">{\"@context\":\"https:\/\/schema.org\",\"@graph\":[{\"@type\":\"WebSite\",\"@id\":\"https:\/\/maisondelaforet.pt\/#website\",\"url\":\"https:\/\/maisondelaforet.pt\/\",\"name\":\"Mon B\u00e9b\u00e9 Cadeaux\",\"description\":\"Vestu\u00e1rio para beb\u00e9 e crian\u00e7a\",\"potentialAction\":[{\"@type\":\"SearchAction\",\"target\":{\"@type\":\"EntryPoint\",\"urlTemplate\":\"https:\/\/maisondelaforet.pt\/?s={search_term_string}\"},\"query-input\":\"required name=search_term_string\"}],\"inLanguage\":\"en-US\"},{\"@type\":\"ImageObject\",\"inLanguage\":\"en-US\",\"@id\":\"https:\/\/maisondelaforet.pt\/en\/#primaryimage\",\"url\":\"http:\/\/maisondelaforet.pt\/wp-content\/uploads\/2018\/06\/aw18side3.jpg\",\"contentUrl\":\"http:\/\/maisondelaforet.pt\/wp-content\/uploads\/2018\/06\/aw18side3.jpg\"},{\"@type\":\"WebPage\",\"@id\":\"https:\/\/maisondelaforet.pt\/en\/#webpage\",\"url\":\"https:\/\/maisondelaforet.pt\/en\/\",\"name\":\"Home - Mon B\u00e9b\u00e9 Cadeaux\",\"isPartOf\":{\"@id\":\"https:\/\/maisondelaforet.pt\/#website\"},\"primaryImageOfPage\":{\"@id\":\"https:\/\/maisondelaforet.pt\/en\/#primaryimage\"},\"datePublished\":\"2018-08-20T13:49:53+00:00\",\"dateModified\":\"2022-03-09T17:36:13+00:00\",\"breadcrumb\":{\"@id\":\"https:\/\/maisondelaforet.pt\/en\/#breadcrumb\"},\"inLanguage\":\"en-US\",\"potentialAction\":[{\"@type\":\"ReadAction\",\"target\":[\"https:\/\/maisondelaforet.pt\/en\/\"]}]},{\"@type\":\"BreadcrumbList\",\"@id\":\"https:\/\/maisondelaforet.pt\/en\/#breadcrumb\",\"itemListElement\":[{\"@type\":\"ListItem\",\"position\":1,\"name\":\"In\u00edcio\",\"item\":\"https:\/\/maisondelaforet.pt\/en\/\"},{\"@type\":\"ListItem\",\"position\":2,\"name\":\"Home\"}]}]}<\/script>\n<!-- \/ Yoast SEO plugin. -->","yoast_head_json":{"title":"Home - Mon B\u00e9b\u00e9 Cadeaux","robots":{"index":"index","follow":"follow","max-snippet":"max-snippet:-1","max-image-preview":"max-image-preview:large","max-video-preview":"max-video-preview:-1"},"canonical":"https:\/\/maisondelaforet.pt\/en\/","og_locale":"en_US","og_type":"article","og_title":"Home - Mon B\u00e9b\u00e9 Cadeaux","og_description":"Contact our team to learn more about our collections. Collection AW18 | Fair Tale VIEW COLLECTION Collection SS18\u00a0| Believe In VIEW COLLECTION Featured Items To see the complete collection go to the Catalog section. If you do not find what you want you can ask us through the contact form. You can see here some [&hellip;]","og_url":"https:\/\/maisondelaforet.pt\/en\/","og_site_name":"Mon B\u00e9b\u00e9 Cadeaux","article_modified_time":"2022-03-09T17:36:13+00:00","og_image":[{"url":"http:\/\/maisondelaforet.pt\/wp-content\/uploads\/2018\/06\/aw18side3.jpg"}],"twitter_card":"summary_large_image","schema":{"@context":"https:\/\/schema.org","@graph":[{"@type":"WebSite","@id":"https:\/\/maisondelaforet.pt\/#website","url":"https:\/\/maisondelaforet.pt\/","name":"Mon B\u00e9b\u00e9 Cadeaux","description":"Vestu\u00e1rio para beb\u00e9 e crian\u00e7a","potentialAction":[{"@type":"SearchAction","target":{"@type":"EntryPoint","urlTemplate":"https:\/\/maisondelaforet.pt\/?s={search_term_string}"},"query-input":"required name=search_term_string"}],"inLanguage":"en-US"},{"@type":"ImageObject","inLanguage":"en-US","@id":"https:\/\/maisondelaforet.pt\/en\/#primaryimage","url":"http:\/\/maisondelaforet.pt\/wp-content\/uploads\/2018\/06\/aw18side3.jpg","contentUrl":"http:\/\/maisondelaforet.pt\/wp-content\/uploads\/2018\/06\/aw18side3.jpg"},{"@type":"WebPage","@id":"https:\/\/maisondelaforet.pt\/en\/#webpage","url":"https:\/\/maisondelaforet.pt\/en\/","name":"Home - Mon B\u00e9b\u00e9 Cadeaux","isPartOf":{"@id":"https:\/\/maisondelaforet.pt\/#website"},"primaryImageOfPage":{"@id":"https:\/\/maisondelaforet.pt\/en\/#primaryimage"},"datePublished":"2018-08-20T13:49:53+00:00","dateModified":"2022-03-09T17:36:13+00:00","breadcrumb":{"@id":"https:\/\/maisondelaforet.pt\/en\/#breadcrumb"},"inLanguage":"en-US","potentialAction":[{"@type":"ReadAction","target":["https:\/\/maisondelaforet.pt\/en\/"]}]},{"@type":"BreadcrumbList","@id":"https:\/\/maisondelaforet.pt\/en\/#breadcrumb","itemListElement":[{"@type":"ListItem","position":1,"name":"In\u00edcio","item":"https:\/\/maisondelaforet.pt\/en\/"},{"@type":"ListItem","position":2,"name":"Home"}]}]}},"_links":{"self":[{"href":"https:\/\/maisondelaforet.pt\/en\/wp-json\/wp\/v2\/pages\/4895"}],"collection":[{"href":"https:\/\/maisondelaforet.pt\/en\/wp-json\/wp\/v2\/pages"}],"about":[{"href":"https:\/\/maisondelaforet.pt\/en\/wp-json\/wp\/v2\/types\/page"}],"author":[{"embeddable":true,"href":"https:\/\/maisondelaforet.pt\/en\/wp-json\/wp\/v2\/users\/1"}],"replies":[{"embeddable":true,"href":"https:\/\/maisondelaforet.pt\/en\/wp-json\/wp\/v2\/comments?post=4895"}],"version-history":[{"count":8,"href":"https:\/\/maisondelaforet.pt\/en\/wp-json\/wp\/v2\/pages\/4895\/revisions"}],"predecessor-version":[{"id":5597,"href":"https:\/\/maisondelaforet.pt\/en\/wp-json\/wp\/v2\/pages\/4895\/revisions\/5597"}],"wp:attachment":[{"href":"https:\/\/maisondelaforet.pt\/en\/wp-json\/wp\/v2\/media?parent=4895"}],"curies":[{"name":"wp","href":"https:\/\/api.w.org\/{rel}","templated":true}]}}